{"id":16326,"date":"2023-11-17T10:18:52","date_gmt":"2023-11-17T10:18:52","guid":{"rendered":"https:\/\/nuukumm.com\/?page_id=16326"},"modified":"2023-11-17T10:27:00","modified_gmt":"2023-11-17T10:27:00","slug":"look-7","status":"publish","type":"page","link":"https:\/\/nuukumm.com\/fr\/look-7\/","title":{"rendered":"Silhouette 7"},"content":{"rendered":"<div data-elementor-type=\"wp-page\" data-elementor-id=\"16326\" class=\"elementor elementor-16326\">\n\t\t\t\t\t\t\t\t\t<section class=\"wd-negative-gap elementor-section elementor-top-section elementor-element elementor-element-83e26dd elementor-section-boxed elementor-section-height-default elementor-section-height-default wd-section-disabled\" data-id=\"83e26dd\" data-element_type=\"section\">\n\t\t\t\t\t\t<div class=\"elementor-container elementor-column-gap-default\">\n\t\t\t\t\t<div class=\"elementor-column elementor-col-50 elementor-top-column elementor-element elementor-element-26b5c7f\" data-id=\"26b5c7f\" data-element_type=\"column\">\n\t\t\t<div class=\"elementor-widget-wrap elementor-element-populated\">\n\t\t\t\t\t\t\t\t<div class=\"elementor-element elementor-element-bbc98bc elementor-widget elementor-widget-wd_images_gallery\" data-id=\"bbc98bc\" data-element_type=\"widget\" data-widget_type=\"wd_images_gallery.default\">\n\t\t\t\t<div class=\"elementor-widget-container\">\n\t\t\t\t\t<div class=\"wd-images-gallery wd-justify-left wd-items-middle view-grid photoswipe-images\" >\n\t\t\t<div class=\"gallery-images row wd-spacing-10\">\n\t\t\t\t\t\t\t\t\t\t\t\t\t\t<div class=\"wd-gallery-item  col-lg-12 col-md-12 col-12\">\n\t\t\t\t\t\t\t\t\t\t\t\t\t<a  href=\"https:\/\/nuukumm.com\/wp-content\/uploads\/2023\/11\/1-FOTO-LOOK-7.jpg\"data-width=\"844\" data-height=\"1500\" data-index=\"1\" data-elementor-open-lightbox=\"no\">\n\t\t\t\t\t\t\n\t\t\t\t\t\t<img decoding=\"async\" src=\"https:\/\/nuukumm.com\/wp-content\/uploads\/2023\/11\/1-FOTO-LOOK-7.jpg\"alt=\"1 FOTO LOOK 7\">\n\t\t\t\t\t\t\t\t\t\t\t\t\t<\/a>\n\t\t\t\t\t\t\t\t\t\t\t<\/div>\n\t\t\t\t\t\t\t\t\t\t\t\t\t\t\t<div class=\"wd-gallery-item  col-lg-12 col-md-12 col-12\">\n\t\t\t\t\t\t\t\t\t\t\t\t\t<a  href=\"https:\/\/nuukumm.com\/wp-content\/uploads\/2023\/11\/3AD26F67-6182-4086-8D7D-F0579A0549DD_1_105_c.jpg\"data-width=\"1125\" data-height=\"1500\" data-index=\"2\" data-elementor-open-lightbox=\"no\">\n\t\t\t\t\t\t\n\t\t\t\t\t\t<img decoding=\"async\" src=\"https:\/\/nuukumm.com\/wp-content\/uploads\/2023\/11\/3AD26F67-6182-4086-8D7D-F0579A0549DD_1_105_c.jpg\"alt=\"3AD26F67-6182-4086-8D7D-F0579A0549DD_1_105_c\">\n\t\t\t\t\t\t\t\t\t\t\t\t\t<\/a>\n\t\t\t\t\t\t\t\t\t\t\t<\/div>\n\t\t\t\t\t\t\t\t\t\t\t\t\t\t\t<div class=\"wd-gallery-item  col-lg-12 col-md-12 col-12\">\n\t\t\t\t\t\t\t\t\t\t\t\t\t<a  href=\"https:\/\/nuukumm.com\/wp-content\/uploads\/2023\/11\/953D52D1-285B-4096-8C21-20E28F93C310_1_105_c.jpg\"data-width=\"844\" data-height=\"1500\" data-index=\"3\" data-elementor-open-lightbox=\"no\">\n\t\t\t\t\t\t\n\t\t\t\t\t\t<img decoding=\"async\" src=\"https:\/\/nuukumm.com\/wp-content\/uploads\/2023\/11\/953D52D1-285B-4096-8C21-20E28F93C310_1_105_c.jpg\"alt=\"953D52D1-285B-4096-8C21-20E28F93C310_1_105_c\">\n\t\t\t\t\t\t\t\t\t\t\t\t\t<\/a>\n\t\t\t\t\t\t\t\t\t\t\t<\/div>\n\t\t\t\t\t\t\t\t\t\t\t\t\t\t\t<div class=\"wd-gallery-item  col-lg-12 col-md-12 col-12\">\n\t\t\t\t\t\t\t\t\t\t\t\t\t<a  href=\"https:\/\/nuukumm.com\/wp-content\/uploads\/2023\/11\/C4FFA1E8-5DBC-40AC-A8E2-AEE24E609FD0_1_105_c.jpg\"data-width=\"1125\" data-height=\"1500\" data-index=\"4\" data-elementor-open-lightbox=\"no\">\n\t\t\t\t\t\t\n\t\t\t\t\t\t<img decoding=\"async\" src=\"https:\/\/nuukumm.com\/wp-content\/uploads\/2023\/11\/C4FFA1E8-5DBC-40AC-A8E2-AEE24E609FD0_1_105_c.jpg\"alt=\"C4FFA1E8-5DBC-40AC-A8E2-AEE24E609FD0_1_105_c\">\n\t\t\t\t\t\t\t\t\t\t\t\t\t<\/a>\n\t\t\t\t\t\t\t\t\t\t\t<\/div>\n\t\t\t\t\t\t\t\t\t\t\t\t\t\t\t<div class=\"wd-gallery-item  col-lg-12 col-md-12 col-12\">\n\t\t\t\t\t\t\t\t\t\t\t\t\t<a  href=\"https:\/\/nuukumm.com\/wp-content\/uploads\/2023\/11\/FAD4D236-D2D7-4DC1-9166-3AA0B895BAFA.jpg\"data-width=\"1125\" data-height=\"1500\" data-index=\"5\" data-elementor-open-lightbox=\"no\">\n\t\t\t\t\t\t\n\t\t\t\t\t\t<img decoding=\"async\" src=\"https:\/\/nuukumm.com\/wp-content\/uploads\/2023\/11\/FAD4D236-D2D7-4DC1-9166-3AA0B895BAFA.jpg\"alt=\"FAD4D236-D2D7-4DC1-9166-3AA0B895BAFA\">\n\t\t\t\t\t\t\t\t\t\t\t\t\t<\/a>\n\t\t\t\t\t\t\t\t\t\t\t<\/div>\n\t\t\t\t\t\t\t\t<\/div>\n\t\t<\/div>\n\t\t\t\t<\/div>\n\t\t\t\t<\/div>\n\t\t\t\t\t<\/div>\n\t\t<\/div>\n\t\t\t\t<div class=\"elementor-column elementor-col-50 elementor-top-column elementor-element elementor-element-a1ee9e2 wd-elementor-sticky-column wd_sticky_offset_50\" data-id=\"a1ee9e2\" data-element_type=\"column\">\n\t\t\t<div class=\"elementor-widget-wrap elementor-element-populated\">\n\t\t\t\t\t\t\t\t<div class=\"elementor-element elementor-element-c56aef7 elementor-widget elementor-widget-wd_image_hotspot\" data-id=\"c56aef7\" data-element_type=\"widget\" data-widget_type=\"wd_image_hotspot.default\">\n\t\t\t\t<div class=\"elementor-widget-container\">\n\t\t\t\t\t<div class=\"wd-image-hotspot-wrapper hotspot-action-hover hotspot-icon-default color-scheme-\">\n\t\t\t<div class=\"wd-image-hotspot-hotspots\">\n\t\t\t\t\t\t\t\t\t<img decoding=\"async\" class=\"wd-image-hotspot-img\" src=\"https:\/\/nuukumm.com\/wp-content\/uploads\/2023\/11\/C4FFA1E8-5DBC-40AC-A8E2-AEE24E609FD0_1_105_c.jpg\" alt=\"C4FFA1E8-5DBC-40AC-A8E2-AEE24E609FD0_1_105_c\" title=\"C4FFA1E8-5DBC-40AC-A8E2-AEE24E609FD0_1_105_c\">\t\t\t\t\t\t\t\t\n\t\t\t\t\t\t\t\t\t\t\t\t\t\t<div class=\"wd-image-hotspot hotspot-type-product elementor-repeater-item-be5bbb0\">\n\t\t\t\t\t\t<span class=\"hotspot-sonar\"><\/span>\n\t\t\t\t\t\t<div class=\"hotspot-btn wd-fill\"><\/div>\n\n\t\t\t\t\t\t\t\t\t\t\t\t\t<div class=\"hotspot-product hotspot-content wd-scroll hotspot-dropdown-left\">\n\t\t\t\t\t\t\t\t<div class=\"hotspot-content-image\">\n\t\t\t\t\t\t\t\t\t<a href=\"https:\/\/nuukumm.com\/fr\/produit\/taffeta-long-dress-2\/\">\n\t\t\t\t\t\t\t\t\t\t<img decoding=\"async\" width=\"430\" height=\"760\" src=\"https:\/\/nuukumm.com\/wp-content\/uploads\/2023\/11\/FD956329-DD82-4BB2-9B15-8FE36D592CAE_1_105_c-430x760.jpeg\" class=\"attachment-woocommerce_thumbnail size-woocommerce_thumbnail\" alt=\"\" srcset=\"https:\/\/nuukumm.com\/wp-content\/uploads\/2023\/11\/FD956329-DD82-4BB2-9B15-8FE36D592CAE_1_105_c-430x760.jpeg 430w, https:\/\/nuukumm.com\/wp-content\/uploads\/2023\/11\/FD956329-DD82-4BB2-9B15-8FE36D592CAE_1_105_c-170x300.jpeg 170w, https:\/\/nuukumm.com\/wp-content\/uploads\/2023\/11\/FD956329-DD82-4BB2-9B15-8FE36D592CAE_1_105_c-453x800.jpeg 453w, https:\/\/nuukumm.com\/wp-content\/uploads\/2023\/11\/FD956329-DD82-4BB2-9B15-8FE36D592CAE_1_105_c-7x12.jpeg 7w, https:\/\/nuukumm.com\/wp-content\/uploads\/2023\/11\/FD956329-DD82-4BB2-9B15-8FE36D592CAE_1_105_c-150x265.jpeg 150w, https:\/\/nuukumm.com\/wp-content\/uploads\/2023\/11\/FD956329-DD82-4BB2-9B15-8FE36D592CAE_1_105_c.jpeg 667w\" sizes=\"(max-width: 430px) 100vw, 430px\" \/>\t\t\t\t\t\t\t\t\t<\/a>\n\t\t\t\t\t\t\t\t<\/div>\n\t\t\t\t\t\t\t\t\n\t\t\t\t\t\t\t\t<h4 class=\"wd-entities-title\">\n\t\t\t\t\t\t\t\t\t<a href=\"https:\/\/nuukumm.com\/fr\/produit\/taffeta-long-dress-2\/\">\n\t\t\t\t\t\t\t\t\t\tRobe longue en taffetas\t\t\t\t\t\t\t\t\t<\/a>\n\t\t\t\t\t\t\t\t<\/h4>\n\t\t\t\t\t\t\t\t\n\t\t\t\t\t\t\t\t\t\t\t\t\t\t\t\t\t\t\t\t\t\t\t\t\t\t\t\t\t\t\t\t\t\n\t\t\t\t\t\t\t\t<div class=\"price\">\n\t\t\t\t\t\t\t\t\t<span class=\"woocs_price_code\" data-currency=\"\" data-redraw-id=\"69f4b61451748\"  data-product-id=\"16292\"><span class=\"woocommerce-Price-amount amount\"><bdi><span class=\"woocommerce-Price-currencySymbol\">&#36;<\/span>&nbsp;966<\/bdi><\/span><\/span>\t\t\t\t\t\t\t\t<\/div>\n\t\t\t\t\t\t\t\t\n\t\t\t\t\t\t\t\t<div class=\"hotspot-content-text wd-more-desc set-cont-mb-s reset-last-child\">\n\t\t\t\t\t\t\t\t\t<div class=\"wd-more-desc-inner\">\n\t\t\t\t\t\t\t\t\t\t<span style=\"color: #000000; font-family: Helvetica Neue; font-size: small;\">Robe longue \u00e0 fines bretelles avec d\u00e9tails appliqu\u00e9s d&#039;accessoires roses en tissu taffetas satin\u00e9<\/span>\r\n\r\n&nbsp;\r\n\r\n<span style=\"color: #000000; font-family: Helvetica Neue; font-size: small;\">%100 POLYAMIDE<\/span>\t\t\t\t\t\t\t\t\t<\/div>\n\t\t\t\t\t\t\t\t\t<a href=\"#\" rel=\"nofollow\" class=\"wd-more-desc-btn\"  aria-label=\"Read more description button\"><span><\/span><\/a>\n\t\t\t\t\t\t\t\t<\/div>\n\t\t\t\t\t\t\t\t\n\t\t\t\t\t\t\t\t<a href=\"https:\/\/nuukumm.com\/fr\/produit\/taffeta-long-dress-2\/\" class=\"button product_type_variable\" data-product_id=\"16292\" rel=\"nofollow\">\n\t\t\t\t\t\t\t\t\tChoix des options\t\t\t\t\t\t\t\t<\/a>\n\t\t\t\t\t\t\t<\/div>\n\t\t\t\t\t\t\t\t\t\t\t<\/div>\n\t\t\t\t\t\t\t<\/div>\n\t\t<\/div>\n\t\t\t\t<\/div>\n\t\t\t\t<\/div>\n\t\t\t\t\t<\/div>\n\t\t<\/div>\n\t\t\t\t\t\t\t<\/div>\n\t\t<\/section>\n\t\t\t\t\t\t\t<\/div>","protected":false},"excerpt":{"rendered":"<p>Taffeta Long Dress &#8378;&nbsp;27,671 Thin Strappy long dress with rose accessories appliq\u00f9e details in satin taffeta fabric &nbsp; %100 POLYAMIDE<\/p>","protected":false},"author":1,"featured_media":0,"parent":0,"menu_order":0,"comment_status":"closed","ping_status":"closed","template":"","meta":{"footnotes":""},"class_list":["post-16326","page","type-page","status-publish","hentry"],"_links":{"self":[{"href":"https:\/\/nuukumm.com\/fr\/wp-json\/wp\/v2\/pages\/16326","targetHints":{"allow":["GET"]}}],"collection":[{"href":"https:\/\/nuukumm.com\/fr\/wp-json\/wp\/v2\/pages"}],"about":[{"href":"https:\/\/nuukumm.com\/fr\/wp-json\/wp\/v2\/types\/page"}],"author":[{"embeddable":true,"href":"https:\/\/nuukumm.com\/fr\/wp-json\/wp\/v2\/users\/1"}],"replies":[{"embeddable":true,"href":"https:\/\/nuukumm.com\/fr\/wp-json\/wp\/v2\/comments?post=16326"}],"version-history":[{"count":4,"href":"https:\/\/nuukumm.com\/fr\/wp-json\/wp\/v2\/pages\/16326\/revisions"}],"predecessor-version":[{"id":16373,"href":"https:\/\/nuukumm.com\/fr\/wp-json\/wp\/v2\/pages\/16326\/revisions\/16373"}],"wp:attachment":[{"href":"https:\/\/nuukumm.com\/fr\/wp-json\/wp\/v2\/media?parent=16326"}],"curies":[{"name":"wp","href":"https:\/\/api.w.org\/{rel}","templated":true}]}}