{"id":16584,"date":"2024-01-30T16:45:03","date_gmt":"2024-01-30T16:45:03","guid":{"rendered":"https:\/\/nuukumm.com\/?page_id=16584"},"modified":"2024-01-31T21:15:17","modified_gmt":"2024-01-31T21:15:17","slug":"look-1-2","status":"publish","type":"page","link":"https:\/\/nuukumm.com\/fr\/look-1-2\/","title":{"rendered":"Silhouette 1"},"content":{"rendered":"<div data-elementor-type=\"wp-page\" data-elementor-id=\"16584\" class=\"elementor elementor-16584\">\n\t\t\t\t\t\t\t\t\t<section class=\"wd-negative-gap elementor-section elementor-top-section elementor-element elementor-element-83e26dd elementor-section-boxed elementor-section-height-default elementor-section-height-default wd-section-disabled\" data-id=\"83e26dd\" data-element_type=\"section\">\n\t\t\t\t\t\t<div class=\"elementor-container elementor-column-gap-default\">\n\t\t\t\t\t<div class=\"elementor-column elementor-col-50 elementor-top-column elementor-element elementor-element-26b5c7f\" data-id=\"26b5c7f\" data-element_type=\"column\">\n\t\t\t<div class=\"elementor-widget-wrap elementor-element-populated\">\n\t\t\t\t\t\t\t\t<div class=\"elementor-element elementor-element-bbc98bc elementor-widget elementor-widget-wd_images_gallery\" data-id=\"bbc98bc\" data-element_type=\"widget\" data-widget_type=\"wd_images_gallery.default\">\n\t\t\t\t<div class=\"elementor-widget-container\">\n\t\t\t\t\t<div class=\"wd-images-gallery wd-justify-left wd-items-middle view-grid photoswipe-images\" >\n\t\t\t<div class=\"gallery-images row wd-spacing-10\">\n\t\t\t\t\t\t\t\t\t\t\t\t\t\t<div class=\"wd-gallery-item  col-lg-12 col-md-12 col-12\">\n\t\t\t\t\t\t\t\t\t\t\t\t\t<a  href=\"https:\/\/nuukumm.com\/wp-content\/uploads\/2024\/01\/9A1F3458-4AD0-474E-AB84-D3AC1A6B27F7_1_105_c.jpeg\"data-width=\"768\" data-height=\"1024\" data-index=\"1\" data-elementor-open-lightbox=\"no\">\n\t\t\t\t\t\t\n\t\t\t\t\t\t<img decoding=\"async\" src=\"https:\/\/nuukumm.com\/wp-content\/uploads\/2024\/01\/9A1F3458-4AD0-474E-AB84-D3AC1A6B27F7_1_105_c.jpeg\"alt=\"9A1F3458-4AD0-474E-AB84-D3AC1A6B27F7_1_105_c\">\n\t\t\t\t\t\t\t\t\t\t\t\t\t<\/a>\n\t\t\t\t\t\t\t\t\t\t\t<\/div>\n\t\t\t\t\t\t\t\t\t\t\t\t\t\t\t<div class=\"wd-gallery-item  col-lg-12 col-md-12 col-12\">\n\t\t\t\t\t\t\t\t\t\t\t\t\t<a  href=\"https:\/\/nuukumm.com\/wp-content\/uploads\/2024\/01\/92CC6DD5-75F1-425F-A633-8A5750DDD5E8_1_105_c.jpeg\"data-width=\"768\" data-height=\"1024\" data-index=\"2\" data-elementor-open-lightbox=\"no\">\n\t\t\t\t\t\t\n\t\t\t\t\t\t<img decoding=\"async\" src=\"https:\/\/nuukumm.com\/wp-content\/uploads\/2024\/01\/92CC6DD5-75F1-425F-A633-8A5750DDD5E8_1_105_c.jpeg\"alt=\"92CC6DD5-75F1-425F-A633-8A5750DDD5E8_1_105_c\">\n\t\t\t\t\t\t\t\t\t\t\t\t\t<\/a>\n\t\t\t\t\t\t\t\t\t\t\t<\/div>\n\t\t\t\t\t\t\t\t\t\t\t\t\t\t\t<div class=\"wd-gallery-item  col-lg-12 col-md-12 col-12\">\n\t\t\t\t\t\t\t\t\t\t\t\t\t<a  href=\"https:\/\/nuukumm.com\/wp-content\/uploads\/2024\/01\/259A5B49-EFE6-485D-80CA-92036F628E90_1_105_c.jpeg\"data-width=\"768\" data-height=\"1024\" data-index=\"3\" data-elementor-open-lightbox=\"no\">\n\t\t\t\t\t\t\n\t\t\t\t\t\t<img decoding=\"async\" src=\"https:\/\/nuukumm.com\/wp-content\/uploads\/2024\/01\/259A5B49-EFE6-485D-80CA-92036F628E90_1_105_c.jpeg\"alt=\"259A5B49-EFE6-485D-80CA-92036F628E90_1_105_c\">\n\t\t\t\t\t\t\t\t\t\t\t\t\t<\/a>\n\t\t\t\t\t\t\t\t\t\t\t<\/div>\n\t\t\t\t\t\t\t\t\t\t\t\t\t\t\t<div class=\"wd-gallery-item  col-lg-12 col-md-12 col-12\">\n\t\t\t\t\t\t\t\t\t\t\t\t\t<a  href=\"https:\/\/nuukumm.com\/wp-content\/uploads\/2024\/01\/9011C74A-C638-415E-B4D9-8DBEA6A50552_1_105_c-1.jpeg\"data-width=\"768\" data-height=\"1024\" data-index=\"4\" data-elementor-open-lightbox=\"no\">\n\t\t\t\t\t\t\n\t\t\t\t\t\t<img decoding=\"async\" src=\"https:\/\/nuukumm.com\/wp-content\/uploads\/2024\/01\/9011C74A-C638-415E-B4D9-8DBEA6A50552_1_105_c-1.jpeg\"alt=\"9011C74A-C638-415E-B4D9-8DBEA6A50552_1_105_c\">\n\t\t\t\t\t\t\t\t\t\t\t\t\t<\/a>\n\t\t\t\t\t\t\t\t\t\t\t<\/div>\n\t\t\t\t\t\t\t\t\t\t\t\t\t\t\t<div class=\"wd-gallery-item  col-lg-12 col-md-12 col-12\">\n\t\t\t\t\t\t\t\t\t\t\t\t\t<a  href=\"https:\/\/nuukumm.com\/wp-content\/uploads\/2024\/01\/30665E35-2B6F-4B85-92C2-7C10F06A64D8_1_105_c.jpeg\"data-width=\"768\" data-height=\"1024\" data-index=\"5\" data-elementor-open-lightbox=\"no\">\n\t\t\t\t\t\t\n\t\t\t\t\t\t<img decoding=\"async\" src=\"https:\/\/nuukumm.com\/wp-content\/uploads\/2024\/01\/30665E35-2B6F-4B85-92C2-7C10F06A64D8_1_105_c.jpeg\"alt=\"30665E35-2B6F-4B85-92C2-7C10F06A64D8_1_105_c\">\n\t\t\t\t\t\t\t\t\t\t\t\t\t<\/a>\n\t\t\t\t\t\t\t\t\t\t\t<\/div>\n\t\t\t\t\t\t\t\t\t\t\t\t\t\t\t<div class=\"wd-gallery-item  col-lg-12 col-md-12 col-12\">\n\t\t\t\t\t\t\t\t\t\t\t\t\t<a  href=\"https:\/\/nuukumm.com\/wp-content\/uploads\/2024\/01\/AC2C0796-4F67-4E5A-82B9-86FECEC63964_1_105_c.jpeg\"data-width=\"768\" data-height=\"1024\" data-index=\"6\" data-elementor-open-lightbox=\"no\">\n\t\t\t\t\t\t\n\t\t\t\t\t\t<img decoding=\"async\" src=\"https:\/\/nuukumm.com\/wp-content\/uploads\/2024\/01\/AC2C0796-4F67-4E5A-82B9-86FECEC63964_1_105_c.jpeg\"alt=\"AC2C0796-4F67-4E5A-82B9-86FECEC63964_1_105_c\">\n\t\t\t\t\t\t\t\t\t\t\t\t\t<\/a>\n\t\t\t\t\t\t\t\t\t\t\t<\/div>\n\t\t\t\t\t\t\t\t\t\t\t\t\t\t\t<div class=\"wd-gallery-item  col-lg-12 col-md-12 col-12\">\n\t\t\t\t\t\t\t\t\t\t\t\t\t<a  href=\"https:\/\/nuukumm.com\/wp-content\/uploads\/2024\/01\/ACDC30DB-2BEB-4D5D-B611-9DC70BD76F52_1_105_c.jpeg\"data-width=\"665\" data-height=\"1182\" data-index=\"7\" data-elementor-open-lightbox=\"no\">\n\t\t\t\t\t\t\n\t\t\t\t\t\t<img decoding=\"async\" src=\"https:\/\/nuukumm.com\/wp-content\/uploads\/2024\/01\/ACDC30DB-2BEB-4D5D-B611-9DC70BD76F52_1_105_c.jpeg\"alt=\"ACDC30DB-2BEB-4D5D-B611-9DC70BD76F52_1_105_c\">\n\t\t\t\t\t\t\t\t\t\t\t\t\t<\/a>\n\t\t\t\t\t\t\t\t\t\t\t<\/div>\n\t\t\t\t\t\t\t\t\t\t\t\t\t\t\t<div class=\"wd-gallery-item  col-lg-12 col-md-12 col-12\">\n\t\t\t\t\t\t\t\t\t\t\t\t\t<a  href=\"https:\/\/nuukumm.com\/wp-content\/uploads\/2024\/01\/D4CAA7B0-3419-4B91-AB0B-256F05BAAD32_1_105_c.jpeg\"data-width=\"768\" data-height=\"1024\" data-index=\"8\" data-elementor-open-lightbox=\"no\">\n\t\t\t\t\t\t\n\t\t\t\t\t\t<img decoding=\"async\" src=\"https:\/\/nuukumm.com\/wp-content\/uploads\/2024\/01\/D4CAA7B0-3419-4B91-AB0B-256F05BAAD32_1_105_c.jpeg\"alt=\"D4CAA7B0-3419-4B91-AB0B-256F05BAAD32_1_105_c\">\n\t\t\t\t\t\t\t\t\t\t\t\t\t<\/a>\n\t\t\t\t\t\t\t\t\t\t\t<\/div>\n\t\t\t\t\t\t\t\t<\/div>\n\t\t<\/div>\n\t\t\t\t<\/div>\n\t\t\t\t<\/div>\n\t\t\t\t\t<\/div>\n\t\t<\/div>\n\t\t\t\t<div class=\"elementor-column elementor-col-50 elementor-top-column elementor-element elementor-element-a1ee9e2 wd-elementor-sticky-column wd_sticky_offset_50\" data-id=\"a1ee9e2\" data-element_type=\"column\">\n\t\t\t<div class=\"elementor-widget-wrap elementor-element-populated\">\n\t\t\t\t\t\t\t\t<div class=\"elementor-element elementor-element-c56aef7 elementor-widget elementor-widget-wd_image_hotspot\" data-id=\"c56aef7\" data-element_type=\"widget\" data-widget_type=\"wd_image_hotspot.default\">\n\t\t\t\t<div class=\"elementor-widget-container\">\n\t\t\t\t\t<div class=\"wd-image-hotspot-wrapper hotspot-action-hover hotspot-icon-default color-scheme-\">\n\t\t\t<div class=\"wd-image-hotspot-hotspots\">\n\t\t\t\t\t\t\t\t\t<img decoding=\"async\" class=\"wd-image-hotspot-img\" src=\"https:\/\/nuukumm.com\/wp-content\/uploads\/2024\/01\/AC2C0796-4F67-4E5A-82B9-86FECEC63964_1_105_c.jpeg\" alt=\"AC2C0796-4F67-4E5A-82B9-86FECEC63964_1_105_c\" title=\"AC2C0796-4F67-4E5A-82B9-86FECEC63964_1_105_c\">\t\t\t\t\t\t\t\t\n\t\t\t\t\t\t\t\t\t\t\t\t\t\t<div class=\"wd-image-hotspot hotspot-type-product elementor-repeater-item-7813f1a\">\n\t\t\t\t\t\t<span class=\"hotspot-sonar\"><\/span>\n\t\t\t\t\t\t<div class=\"hotspot-btn wd-fill\"><\/div>\n\n\t\t\t\t\t\t\t\t\t\t\t\t\t<div class=\"hotspot-product hotspot-content wd-scroll hotspot-dropdown-top\">\n\t\t\t\t\t\t\t\t<div class=\"hotspot-content-image\">\n\t\t\t\t\t\t\t\t\t<a href=\"https:\/\/nuukumm.com\/fr\/produit\/lily\/\">\n\t\t\t\t\t\t\t\t\t\t<img decoding=\"async\" width=\"430\" height=\"645\" src=\"https:\/\/nuukumm.com\/wp-content\/uploads\/2023\/08\/1.-FOTO-BU-430x645.jpg\" class=\"attachment-woocommerce_thumbnail size-woocommerce_thumbnail\" alt=\"\" srcset=\"https:\/\/nuukumm.com\/wp-content\/uploads\/2023\/08\/1.-FOTO-BU-430x645.jpg 430w, https:\/\/nuukumm.com\/wp-content\/uploads\/2023\/08\/1.-FOTO-BU-200x300.jpg 200w, https:\/\/nuukumm.com\/wp-content\/uploads\/2023\/08\/1.-FOTO-BU-533x800.jpg 533w, https:\/\/nuukumm.com\/wp-content\/uploads\/2023\/08\/1.-FOTO-BU-768x1152.jpg 768w, https:\/\/nuukumm.com\/wp-content\/uploads\/2023\/08\/1.-FOTO-BU-8x12.jpg 8w, https:\/\/nuukumm.com\/wp-content\/uploads\/2023\/08\/1.-FOTO-BU-860x1290.jpg 860w, https:\/\/nuukumm.com\/wp-content\/uploads\/2023\/08\/1.-FOTO-BU-700x1050.jpg 700w, https:\/\/nuukumm.com\/wp-content\/uploads\/2023\/08\/1.-FOTO-BU-150x225.jpg 150w, https:\/\/nuukumm.com\/wp-content\/uploads\/2023\/08\/1.-FOTO-BU.jpg 1000w\" sizes=\"(max-width: 430px) 100vw, 430px\" \/>\t\t\t\t\t\t\t\t\t<\/a>\n\t\t\t\t\t\t\t\t<\/div>\n\t\t\t\t\t\t\t\t\n\t\t\t\t\t\t\t\t<h4 class=\"wd-entities-title\">\n\t\t\t\t\t\t\t\t\t<a href=\"https:\/\/nuukumm.com\/fr\/produit\/lily\/\">\n\t\t\t\t\t\t\t\t\t\tLily\t\t\t\t\t\t\t\t\t<\/a>\n\t\t\t\t\t\t\t\t<\/h4>\n\t\t\t\t\t\t\t\t\n\t\t\t\t\t\t\t\t\t\t\t\t\t\t\t\t\t\t\t\t\t\t\t\t\t\t\t\t\t\t\t\t\t\n\t\t\t\t\t\t\t\t<div class=\"price\">\n\t\t\t\t\t\t\t\t\t<span class=\"woocs_price_code\" data-currency=\"\" data-redraw-id=\"69d0ed93b3d66\"  data-product-id=\"15838\"><span class=\"woocommerce-Price-amount amount\"><bdi><span class=\"woocommerce-Price-currencySymbol\">&#36;<\/span>&nbsp;477<\/bdi><\/span><\/span>\t\t\t\t\t\t\t\t<\/div>\n\t\t\t\t\t\t\t\t\n\t\t\t\t\t\t\t\t<div class=\"hotspot-content-text wd-more-desc set-cont-mb-s reset-last-child\">\n\t\t\t\t\t\t\t\t\t<div class=\"wd-more-desc-inner\">\n\t\t\t\t\t\t\t\t\t\tLeather heeled shoes. pointed toe. strap fastening\r\n\r\n%100 Leather\t\t\t\t\t\t\t\t\t<\/div>\n\t\t\t\t\t\t\t\t\t<a href=\"#\" rel=\"nofollow\" class=\"wd-more-desc-btn\"  aria-label=\"Read more description button\"><span><\/span><\/a>\n\t\t\t\t\t\t\t\t<\/div>\n\t\t\t\t\t\t\t\t\n\t\t\t\t\t\t\t\t<a href=\"https:\/\/nuukumm.com\/fr\/produit\/lily\/\" class=\"button product_type_variable\" data-product_id=\"15838\" rel=\"nofollow\">\n\t\t\t\t\t\t\t\t\tChoix des options\t\t\t\t\t\t\t\t<\/a>\n\t\t\t\t\t\t\t<\/div>\n\t\t\t\t\t\t\t\t\t\t\t<\/div>\n\t\t\t\t\t\t\t\t\t\t\t\t\t\t<div class=\"wd-image-hotspot hotspot-type-product elementor-repeater-item-2d88c95\">\n\t\t\t\t\t\t<span class=\"hotspot-sonar\"><\/span>\n\t\t\t\t\t\t<div class=\"hotspot-btn wd-fill\"><\/div>\n\n\t\t\t\t\t\t\t\t\t\t\t\t\t<div class=\"hotspot-product hotspot-content wd-scroll hotspot-dropdown-top\">\n\t\t\t\t\t\t\t\t<div class=\"hotspot-content-image\">\n\t\t\t\t\t\t\t\t\t<a href=\"https:\/\/nuukumm.com\/fr\/produit\/charlotte-dress-rhinestones-bustier-tulle-gown\/\">\n\t\t\t\t\t\t\t\t\t\t<img decoding=\"async\" width=\"430\" height=\"647\" src=\"https:\/\/nuukumm.com\/wp-content\/uploads\/2024\/01\/IMG_8956-430x647.jpg\" class=\"attachment-woocommerce_thumbnail size-woocommerce_thumbnail\" alt=\"\" srcset=\"https:\/\/nuukumm.com\/wp-content\/uploads\/2024\/01\/IMG_8956-430x647.jpg 430w, https:\/\/nuukumm.com\/wp-content\/uploads\/2024\/01\/IMG_8956-200x300.jpg 200w, https:\/\/nuukumm.com\/wp-content\/uploads\/2024\/01\/IMG_8956-532x800.jpg 532w, https:\/\/nuukumm.com\/wp-content\/uploads\/2024\/01\/IMG_8956-768x1155.jpg 768w, https:\/\/nuukumm.com\/wp-content\/uploads\/2024\/01\/IMG_8956-1022x1536.jpg 1022w, https:\/\/nuukumm.com\/wp-content\/uploads\/2024\/01\/IMG_8956-8x12.jpg 8w, https:\/\/nuukumm.com\/wp-content\/uploads\/2024\/01\/IMG_8956-860x1293.jpg 860w, https:\/\/nuukumm.com\/wp-content\/uploads\/2024\/01\/IMG_8956-700x1052.jpg 700w, https:\/\/nuukumm.com\/wp-content\/uploads\/2024\/01\/IMG_8956-150x226.jpg 150w, https:\/\/nuukumm.com\/wp-content\/uploads\/2024\/01\/IMG_8956.jpg 1283w\" sizes=\"(max-width: 430px) 100vw, 430px\" \/>\t\t\t\t\t\t\t\t\t<\/a>\n\t\t\t\t\t\t\t\t<\/div>\n\t\t\t\t\t\t\t\t\n\t\t\t\t\t\t\t\t<h4 class=\"wd-entities-title\">\n\t\t\t\t\t\t\t\t\t<a href=\"https:\/\/nuukumm.com\/fr\/produit\/charlotte-dress-rhinestones-bustier-tulle-gown\/\">\n\t\t\t\t\t\t\t\t\t\tCharlotte Dress - Rhinestones Bustier Tulle Gown\t\t\t\t\t\t\t\t\t<\/a>\n\t\t\t\t\t\t\t\t<\/h4>\n\t\t\t\t\t\t\t\t\n\t\t\t\t\t\t\t\t\t\t\t\t\t\t\t\t\t\t\t\t\t\t\t\t\t\t\t\t\t\t\t\t\t\n\t\t\t\t\t\t\t\t<div class=\"price\">\n\t\t\t\t\t\t\t\t\t<span class=\"woocs_price_code\" data-currency=\"\" data-redraw-id=\"69d0ed93b52af\"  data-product-id=\"16498\"><span class=\"woocommerce-Price-amount amount\"><bdi><span class=\"woocommerce-Price-currencySymbol\">&#36;<\/span>&nbsp;1,412<\/bdi><\/span><\/span>\t\t\t\t\t\t\t\t<\/div>\n\t\t\t\t\t\t\t\t\n\t\t\t\t\t\t\t\t<div class=\"hotspot-content-text wd-more-desc set-cont-mb-s reset-last-child\">\n\t\t\t\t\t\t\t\t\t<div class=\"wd-more-desc-inner\">\n\t\t\t\t\t\t\t\t\t\t<span style=\"color: #000000; font-family: Helvetica Neue; font-size: small;\">Robe longue \u00e0 fines bretelles avec d\u00e9tails appliqu\u00e9s d&#039;accessoires roses en tissu taffetas satin\u00e9<\/span>\r\n\r\n&nbsp;\r\n\r\n<span style=\"color: #000000; font-family: Helvetica Neue; font-size: small;\">%100 POLYAMIDE<\/span>\t\t\t\t\t\t\t\t\t<\/div>\n\t\t\t\t\t\t\t\t\t<a href=\"#\" rel=\"nofollow\" class=\"wd-more-desc-btn\"  aria-label=\"Read more description button\"><span><\/span><\/a>\n\t\t\t\t\t\t\t\t<\/div>\n\t\t\t\t\t\t\t\t\n\t\t\t\t\t\t\t\t<a href=\"https:\/\/nuukumm.com\/fr\/produit\/charlotte-dress-rhinestones-bustier-tulle-gown\/\" class=\"button product_type_variable\" data-product_id=\"16498\" rel=\"nofollow\">\n\t\t\t\t\t\t\t\t\tChoix des options\t\t\t\t\t\t\t\t<\/a>\n\t\t\t\t\t\t\t<\/div>\n\t\t\t\t\t\t\t\t\t\t\t<\/div>\n\t\t\t\t\t\t\t<\/div>\n\t\t<\/div>\n\t\t\t\t<\/div>\n\t\t\t\t<\/div>\n\t\t\t\t\t<\/div>\n\t\t<\/div>\n\t\t\t\t\t\t\t<\/div>\n\t\t<\/section>\n\t\t\t\t\t\t\t<\/div>","protected":false},"excerpt":{"rendered":"<p>Lily &#8378;&nbsp;8,883 Leather heeled shoes. pointed toe. strap fastening %100 Leather Select options Charlotte Dress &#8211; Rhinestones Bustier Tulle Gown<\/p>","protected":false},"author":1,"featured_media":0,"parent":0,"menu_order":0,"comment_status":"closed","ping_status":"closed","template":"","meta":{"footnotes":""},"class_list":["post-16584","page","type-page","status-publish","hentry"],"_links":{"self":[{"href":"https:\/\/nuukumm.com\/fr\/wp-json\/wp\/v2\/pages\/16584","targetHints":{"allow":["GET"]}}],"collection":[{"href":"https:\/\/nuukumm.com\/fr\/wp-json\/wp\/v2\/pages"}],"about":[{"href":"https:\/\/nuukumm.com\/fr\/wp-json\/wp\/v2\/types\/page"}],"author":[{"embeddable":true,"href":"https:\/\/nuukumm.com\/fr\/wp-json\/wp\/v2\/users\/1"}],"replies":[{"embeddable":true,"href":"https:\/\/nuukumm.com\/fr\/wp-json\/wp\/v2\/comments?post=16584"}],"version-history":[{"count":18,"href":"https:\/\/nuukumm.com\/fr\/wp-json\/wp\/v2\/pages\/16584\/revisions"}],"predecessor-version":[{"id":16749,"href":"https:\/\/nuukumm.com\/fr\/wp-json\/wp\/v2\/pages\/16584\/revisions\/16749"}],"wp:attachment":[{"href":"https:\/\/nuukumm.com\/fr\/wp-json\/wp\/v2\/media?parent=16584"}],"curies":[{"name":"wp","href":"https:\/\/api.w.org\/{rel}","templated":true}]}}