{"id":4400,"date":"2021-10-12T15:51:09","date_gmt":"2021-10-12T15:51:09","guid":{"rendered":"http:\/\/dummy.xtemos.com\/woodmart2\/elementor\/?page_id=4400"},"modified":"2023-08-30T09:57:28","modified_gmt":"2023-08-30T09:57:28","slug":"about","status":"publish","type":"page","link":"https:\/\/nuukumm.com\/fr\/about\/","title":{"rendered":"\u00c0 Propos"},"content":{"rendered":"<div data-elementor-type=\"wp-page\" data-elementor-id=\"4400\" class=\"elementor elementor-4400\">\n\t\t\t\t\t\t\t\t\t<section class=\"wd-negative-gap elementor-section elementor-top-section elementor-element elementor-element-3c548bca elementor-reverse-tablet elementor-reverse-mobile elementor-section-content-middle elementor-section-boxed elementor-section-height-default elementor-section-height-default wd-section-disabled\" data-id=\"3c548bca\" data-element_type=\"section\">\n\t\t\t\t\t\t<div class=\"elementor-container elementor-column-gap-default\">\n\t\t\t\t\t<div class=\"elementor-column elementor-col-50 elementor-top-column elementor-element elementor-element-1d354ed7\" data-id=\"1d354ed7\" data-element_type=\"column\">\n\t\t\t<div class=\"elementor-widget-wrap elementor-element-populated\">\n\t\t\t\t\t\t\t\t<div class=\"elementor-element elementor-element-3b8f1c6 elementor-widget elementor-widget-wd_image_or_svg\" data-id=\"3b8f1c6\" data-element_type=\"widget\" data-widget_type=\"wd_image_or_svg.default\">\n\t\t\t\t<div class=\"elementor-widget-container\">\n\t\t\t\n\t\t<div class=\"wd-image text-left\">\n\t\t\t\t\t\t\t\t<img decoding=\"async\" width=\"1284\" height=\"1605\" src=\"https:\/\/nuukumm.com\/wp-content\/uploads\/2023\/08\/879203C3-F110-43FF-ACC3-0AC26F666435-kopyasi.jpg\" class=\"attachment-full size-full wp-image-15597\" alt=\"\" srcset=\"https:\/\/nuukumm.com\/wp-content\/uploads\/2023\/08\/879203C3-F110-43FF-ACC3-0AC26F666435-kopyasi.jpg 1284w, https:\/\/nuukumm.com\/wp-content\/uploads\/2023\/08\/879203C3-F110-43FF-ACC3-0AC26F666435-kopyasi-240x300.jpg 240w, https:\/\/nuukumm.com\/wp-content\/uploads\/2023\/08\/879203C3-F110-43FF-ACC3-0AC26F666435-kopyasi-640x800.jpg 640w, https:\/\/nuukumm.com\/wp-content\/uploads\/2023\/08\/879203C3-F110-43FF-ACC3-0AC26F666435-kopyasi-768x960.jpg 768w, https:\/\/nuukumm.com\/wp-content\/uploads\/2023\/08\/879203C3-F110-43FF-ACC3-0AC26F666435-kopyasi-1229x1536.jpg 1229w, https:\/\/nuukumm.com\/wp-content\/uploads\/2023\/08\/879203C3-F110-43FF-ACC3-0AC26F666435-kopyasi-860x1075.jpg 860w, https:\/\/nuukumm.com\/wp-content\/uploads\/2023\/08\/879203C3-F110-43FF-ACC3-0AC26F666435-kopyasi-430x538.jpg 430w, https:\/\/nuukumm.com\/wp-content\/uploads\/2023\/08\/879203C3-F110-43FF-ACC3-0AC26F666435-kopyasi-700x875.jpg 700w, https:\/\/nuukumm.com\/wp-content\/uploads\/2023\/08\/879203C3-F110-43FF-ACC3-0AC26F666435-kopyasi-150x188.jpg 150w\" sizes=\"(max-width: 1284px) 100vw, 1284px\" \/>\t\t\t\t\t<\/div>\n\n\t\t\t\t<\/div>\n\t\t\t\t<\/div>\n\t\t\t\t\t<\/div>\n\t\t<\/div>\n\t\t\t\t<div class=\"elementor-column elementor-col-50 elementor-top-column elementor-element elementor-element-7a9daa7\" data-id=\"7a9daa7\" data-element_type=\"column\">\n\t\t\t<div class=\"elementor-widget-wrap elementor-element-populated\">\n\t\t\t\t\t\t\t\t<div class=\"elementor-element elementor-element-18566191 elementor-widget elementor-widget-wd_title\" data-id=\"18566191\" data-element_type=\"widget\" data-widget_type=\"wd_title.default\">\n\t\t\t\t<div class=\"elementor-widget-container\">\n\t\t\t\t\t<div class=\"title-wrapper set-mb-s reset-last-child wd-title-color-primary wd-title-style-default wd-title-size-small text-left\">\n\n\t\t\t\t\t\t\t<div class=\"title-subtitle subtitle-color-primary subtitle-style-default wd-fontsize-xs\">\n\t\t\t\t\tNU\u00d9 KUMM PARIS\t\t\t\t<\/div>\n\t\t\t\n\t\t\t<div class=\"liner-continer\">\n\t\t\t\t<span class=\"woodmart-title-container title wd-fontsize-m\"><\/span> \n\t\t\t\t\t\t\t<\/div>\n\n\t\t\t\t\t<\/div>\n\t\t\t\t<\/div>\n\t\t\t\t<\/div>\n\t\t\t\t<div class=\"elementor-element elementor-element-cf34ae6 elementor-widget elementor-widget-wd_text_block\" data-id=\"cf34ae6\" data-element_type=\"widget\" data-widget_type=\"wd_text_block.default\">\n\t\t\t\t<div class=\"elementor-widget-container\">\n\t\t\t\t\t<div class=\"wd-text-block reset-last-child text-left\">\n\t\t\t\n\t\t\t<p><span style=\"color: #333333;\">NU\u00d9 KUMM PARIS ,soci\u00e9t\u00e9 fran\u00e7aise immatricul\u00e9e au registre du commerce et des soci\u00e9t\u00e9s de Paris sous le num\u00e9ro 22 4 912 902 <br \/>29 rue Blanche Paris, 75009, France.<br \/><br \/>Les collections de NU\u00d9 KUMM PARIS se caract\u00e9risent par l'assurance, la f\u00e9minit\u00e9 et la sensualit\u00e9., qui s\u2019exprime aussi bien dans la pr\u00e9cision\u00a0des coupes\u00a0que gr\u00e2ce \u00e0 des volumes sans cesse renouvel\u00e9s. Qu\u2019il s\u2019agisse de la richesse d\u2019un pliss\u00e9 ou de l\u2019\u00e9clat d\u2019un sequin ou des v\u00eatements en dentelle fran\u00e7aise. <br \/><br \/>Les silhouettes sont reconnaissables au premier regard et ancrent son style au croisement entre la culture de la mode fran\u00e7aise et les influences internationales qui l\u2019inspirent.<br \/><br \/>Bonne navigation dans la collection.<\/span><\/p>\n\t\t\t\t\t<\/div>\n\t\t\t\t<\/div>\n\t\t\t\t<\/div>\n\t\t\t\t<section class=\"wd-negative-gap elementor-section elementor-inner-section elementor-element elementor-element-6c441740 elementor-section-boxed elementor-section-height-default elementor-section-height-default wd-section-disabled\" data-id=\"6c441740\" data-element_type=\"section\">\n\t\t\t\t\t\t<div class=\"elementor-container elementor-column-gap-default\">\n\t\t\t\t\t<div class=\"elementor-column elementor-col-100 elementor-inner-column elementor-element elementor-element-2340cadd\" data-id=\"2340cadd\" data-element_type=\"column\">\n\t\t\t<div class=\"elementor-widget-wrap elementor-element-populated\">\n\t\t\t\t\t\t\t\t<div class=\"elementor-element elementor-element-5292d768 elementor-widget__width-auto elementor-hidden-phone elementor-widget elementor-widget-wd_social_buttons\" data-id=\"5292d768\" data-element_type=\"widget\" data-widget_type=\"wd_social_buttons.default\">\n\t\t\t\t<div class=\"elementor-widget-container\">\n\t\t\t\n\t\t\t<div class=\"wd-social-icons icons-design-simple icons-size-small color-scheme-dark social-follow social-form-circle text-left\">\n\n\t\t\t\t\n\t\t\t\t\n\t\t\t\t\n\t\t\t\t\n\t\t\t\t\t\t\t\t\t<a rel=\"noopener noreferrer nofollow\" href=\"https:\/\/www.instagram.com\/nuukumm\" target=\"_blank\" class=\"wd-social-icon social-instagram\" aria-label=\"Instagram social link\">\n\t\t\t\t\t\t<span class=\"wd-icon\"><\/span>\n\t\t\t\t\t\t\t\t\t\t\t<\/a>\n\t\t\t\t\n\t\t\t\t\n\t\t\t\t\n\t\t\t\t\n\t\t\t\t\n\t\t\t\t\n\t\t\t\t\n\t\t\t\t\n\t\t\t\t\n\t\t\t\t\n\t\t\t\t\n\t\t\t\t\n\t\t\t\t\n\t\t\t\t\n\t\t\t\t\t\t\t\t\n\t\t\t\t\t\t\t\t\n\t\t\t\t\n\t\t\t\t\t\t\t\t\n\t\t\t\t\n\t\t\t<\/div>\n\n\t\t\t\t<\/div>\n\t\t\t\t<\/div>\n\t\t\t\t\t<\/div>\n\t\t<\/div>\n\t\t\t\t\t\t\t<\/div>\n\t\t<\/section>\n\t\t\t\t\t<\/div>\n\t\t<\/div>\n\t\t\t\t\t\t\t<\/div>\n\t\t<\/section>\n\t\t\t\t\t\t\t<\/div>","protected":false},"excerpt":{"rendered":"<p>NU\u00d9 KUMM PARIS NU\u00d9 KUMM PARIS is a French brand, registered at the Paris Trade in 14 Nov. 2022 29<\/p>","protected":false},"author":1,"featured_media":0,"parent":0,"menu_order":0,"comment_status":"closed","ping_status":"closed","template":"","meta":{"footnotes":""},"class_list":["post-4400","page","type-page","status-publish","hentry"],"_links":{"self":[{"href":"https:\/\/nuukumm.com\/fr\/wp-json\/wp\/v2\/pages\/4400","targetHints":{"allow":["GET"]}}],"collection":[{"href":"https:\/\/nuukumm.com\/fr\/wp-json\/wp\/v2\/pages"}],"about":[{"href":"https:\/\/nuukumm.com\/fr\/wp-json\/wp\/v2\/types\/page"}],"author":[{"embeddable":true,"href":"https:\/\/nuukumm.com\/fr\/wp-json\/wp\/v2\/users\/1"}],"replies":[{"embeddable":true,"href":"https:\/\/nuukumm.com\/fr\/wp-json\/wp\/v2\/comments?post=4400"}],"version-history":[{"count":20,"href":"https:\/\/nuukumm.com\/fr\/wp-json\/wp\/v2\/pages\/4400\/revisions"}],"predecessor-version":[{"id":16139,"href":"https:\/\/nuukumm.com\/fr\/wp-json\/wp\/v2\/pages\/4400\/revisions\/16139"}],"wp:attachment":[{"href":"https:\/\/nuukumm.com\/fr\/wp-json\/wp\/v2\/media?parent=4400"}],"curies":[{"name":"wp","href":"https:\/\/api.w.org\/{rel}","templated":true}]}}