{"id":15741,"date":"2023-08-28T15:34:47","date_gmt":"2023-08-28T15:34:47","guid":{"rendered":"https:\/\/nuukumm.com\/?post_type=product&#038;p=15741"},"modified":"2024-07-26T17:58:33","modified_gmt":"2024-07-26T17:58:33","slug":"printed-tulle-dress","status":"publish","type":"product","link":"https:\/\/nuukumm.com\/fr\/produit\/printed-tulle-dress\/","title":{"rendered":"Robe en tulle imprim\u00e9e"},"content":{"rendered":"","protected":false},"excerpt":{"rendered":"<p>Robe en tulle imprim\u00e9 marguerite en tissu transparent \u00e9lastique.<\/p>\n<p>%95 POLYESTER, %5 ELASTANE<\/p>","protected":false},"featured_media":15748,"comment_status":"open","ping_status":"closed","template":"","meta":[],"product_cat":[71],"product_tag":[],"class_list":["post-15741","product","type-product","status-publish","has-post-thumbnail","hentry","product_cat-haute-couture"],"_links":{"self":[{"href":"https:\/\/nuukumm.com\/fr\/wp-json\/wp\/v2\/product\/15741","targetHints":{"allow":["GET"]}}],"collection":[{"href":"https:\/\/nuukumm.com\/fr\/wp-json\/wp\/v2\/product"}],"about":[{"href":"https:\/\/nuukumm.com\/fr\/wp-json\/wp\/v2\/types\/product"}],"replies":[{"embeddable":true,"href":"https:\/\/nuukumm.com\/fr\/wp-json\/wp\/v2\/comments?post=15741"}],"version-history":[{"count":1,"href":"https:\/\/nuukumm.com\/fr\/wp-json\/wp\/v2\/product\/15741\/revisions"}],"predecessor-version":[{"id":15753,"href":"https:\/\/nuukumm.com\/fr\/wp-json\/wp\/v2\/product\/15741\/revisions\/15753"}],"wp:featuredmedia":[{"embeddable":true,"href":"https:\/\/nuukumm.com\/fr\/wp-json\/wp\/v2\/media\/15748"}],"wp:attachment":[{"href":"https:\/\/nuukumm.com\/fr\/wp-json\/wp\/v2\/media?parent=15741"}],"wp:term":[{"taxonomy":"product_cat","embeddable":true,"href":"https:\/\/nuukumm.com\/fr\/wp-json\/wp\/v2\/product_cat?post=15741"},{"taxonomy":"product_tag","embeddable":true,"href":"https:\/\/nuukumm.com\/fr\/wp-json\/wp\/v2\/product_tag?post=15741"}],"curies":[{"name":"wp","href":"https:\/\/api.w.org\/{rel}","templated":true}]}}