{"id":15761,"date":"2023-08-28T15:43:24","date_gmt":"2023-08-28T15:43:24","guid":{"rendered":"https:\/\/nuukumm.com\/?post_type=product&#038;p=15761"},"modified":"2024-09-30T07:27:11","modified_gmt":"2024-09-30T07:27:11","slug":"pink-zebra","status":"publish","type":"product","link":"https:\/\/nuukumm.com\/fr\/produit\/pink-zebra\/","title":{"rendered":"Z\u00e8bre rose"},"content":{"rendered":"","protected":false},"excerpt":{"rendered":"<p>Imprim\u00e9 z\u00e8bre. Haut de maillot de bain triangle, d\u00e9tails liens sur le dessus de l&#039;\u00e9paule. Taille haute et bas de bikini style br\u00e9silien \u00e0 nouer de chaque c\u00f4t\u00e9. logo nu\u00f9 en m\u00e9tal dor\u00e9 au dos.<\/p>\n<p>%85 Polyamide ,%15 elastane<\/p>","protected":false},"featured_media":15769,"comment_status":"open","ping_status":"closed","template":"","meta":[],"product_cat":[75],"product_tag":[],"class_list":["post-15761","product","type-product","status-publish","has-post-thumbnail","hentry","product_cat-swimwear"],"_links":{"self":[{"href":"https:\/\/nuukumm.com\/fr\/wp-json\/wp\/v2\/product\/15761","targetHints":{"allow":["GET"]}}],"collection":[{"href":"https:\/\/nuukumm.com\/fr\/wp-json\/wp\/v2\/product"}],"about":[{"href":"https:\/\/nuukumm.com\/fr\/wp-json\/wp\/v2\/types\/product"}],"replies":[{"embeddable":true,"href":"https:\/\/nuukumm.com\/fr\/wp-json\/wp\/v2\/comments?post=15761"}],"version-history":[{"count":1,"href":"https:\/\/nuukumm.com\/fr\/wp-json\/wp\/v2\/product\/15761\/revisions"}],"predecessor-version":[{"id":15771,"href":"https:\/\/nuukumm.com\/fr\/wp-json\/wp\/v2\/product\/15761\/revisions\/15771"}],"wp:featuredmedia":[{"embeddable":true,"href":"https:\/\/nuukumm.com\/fr\/wp-json\/wp\/v2\/media\/15769"}],"wp:attachment":[{"href":"https:\/\/nuukumm.com\/fr\/wp-json\/wp\/v2\/media?parent=15761"}],"wp:term":[{"taxonomy":"product_cat","embeddable":true,"href":"https:\/\/nuukumm.com\/fr\/wp-json\/wp\/v2\/product_cat?post=15761"},{"taxonomy":"product_tag","embeddable":true,"href":"https:\/\/nuukumm.com\/fr\/wp-json\/wp\/v2\/product_tag?post=15761"}],"curies":[{"name":"wp","href":"https:\/\/api.w.org\/{rel}","templated":true}]}}