{"id":15797,"date":"2023-08-28T15:52:06","date_gmt":"2023-08-28T15:52:06","guid":{"rendered":"https:\/\/nuukumm.com\/?post_type=product&#038;p=15797"},"modified":"2024-07-11T16:00:58","modified_gmt":"2024-07-11T16:00:58","slug":"saint-tropez","status":"publish","type":"product","link":"https:\/\/nuukumm.com\/fr\/produit\/saint-tropez\/","title":{"rendered":"Saint Tropez"},"content":{"rendered":"","protected":false},"excerpt":{"rendered":"<p>Haut de bikini triangle imprim\u00e9 multicolore, dot\u00e9 d&#039;un lien \u00e0 la taille amovible qui peut \u00eatre port\u00e9 de diff\u00e9rentes mani\u00e8res. Bas de bikini flatteur avec couverture sur le devant et d\u00e9tails nou\u00e9s de chaque c\u00f4t\u00e9. Le logo nu\u00f9 en m\u00e9tal dor\u00e9 se trouve \u00e0 l&#039;arri\u00e8re.<\/p>\n<p>%85 Polyamide ,%15 elastane<\/p>","protected":false},"featured_media":15788,"comment_status":"open","ping_status":"closed","template":"","meta":[],"product_cat":[75],"product_tag":[],"class_list":["post-15797","product","type-product","status-publish","has-post-thumbnail","hentry","product_cat-swimwear"],"_links":{"self":[{"href":"https:\/\/nuukumm.com\/fr\/wp-json\/wp\/v2\/product\/15797","targetHints":{"allow":["GET"]}}],"collection":[{"href":"https:\/\/nuukumm.com\/fr\/wp-json\/wp\/v2\/product"}],"about":[{"href":"https:\/\/nuukumm.com\/fr\/wp-json\/wp\/v2\/types\/product"}],"replies":[{"embeddable":true,"href":"https:\/\/nuukumm.com\/fr\/wp-json\/wp\/v2\/comments?post=15797"}],"version-history":[{"count":2,"href":"https:\/\/nuukumm.com\/fr\/wp-json\/wp\/v2\/product\/15797\/revisions"}],"predecessor-version":[{"id":16140,"href":"https:\/\/nuukumm.com\/fr\/wp-json\/wp\/v2\/product\/15797\/revisions\/16140"}],"wp:featuredmedia":[{"embeddable":true,"href":"https:\/\/nuukumm.com\/fr\/wp-json\/wp\/v2\/media\/15788"}],"wp:attachment":[{"href":"https:\/\/nuukumm.com\/fr\/wp-json\/wp\/v2\/media?parent=15797"}],"wp:term":[{"taxonomy":"product_cat","embeddable":true,"href":"https:\/\/nuukumm.com\/fr\/wp-json\/wp\/v2\/product_cat?post=15797"},{"taxonomy":"product_tag","embeddable":true,"href":"https:\/\/nuukumm.com\/fr\/wp-json\/wp\/v2\/product_tag?post=15797"}],"curies":[{"name":"wp","href":"https:\/\/api.w.org\/{rel}","templated":true}]}}