{"id":15815,"date":"2023-08-28T15:54:14","date_gmt":"2023-08-28T15:54:14","guid":{"rendered":"https:\/\/nuukumm.com\/?post_type=product&#038;p=15815"},"modified":"2023-11-16T08:49:48","modified_gmt":"2023-11-16T08:49:48","slug":"nuu-swimsuit","status":"publish","type":"product","link":"https:\/\/nuukumm.com\/fr\/produit\/nuu-swimsuit\/","title":{"rendered":"Maillot de bain NU\u00d9"},"content":{"rendered":"","protected":false},"excerpt":{"rendered":"<p>Le maillot de bain une pi\u00e8ce \u00e9l\u00e9gant est une silhouette fronc\u00e9e flatteuse con\u00e7ue pour compl\u00e9ter toutes les formes. compl\u00e9t\u00e9 par le logo nu\u00f9 kumm paris en tissu sp\u00e9cial \u00e9cras\u00e9.<\/p>\n<p>%85 Polyamide ,%15 elastane<\/p>","protected":false},"featured_media":15791,"comment_status":"open","ping_status":"closed","template":"","meta":[],"product_cat":[75],"product_tag":[],"class_list":["post-15815","product","type-product","status-publish","has-post-thumbnail","hentry","product_cat-swimwear"],"_links":{"self":[{"href":"https:\/\/nuukumm.com\/fr\/wp-json\/wp\/v2\/product\/15815","targetHints":{"allow":["GET"]}}],"collection":[{"href":"https:\/\/nuukumm.com\/fr\/wp-json\/wp\/v2\/product"}],"about":[{"href":"https:\/\/nuukumm.com\/fr\/wp-json\/wp\/v2\/types\/product"}],"replies":[{"embeddable":true,"href":"https:\/\/nuukumm.com\/fr\/wp-json\/wp\/v2\/comments?post=15815"}],"version-history":[{"count":2,"href":"https:\/\/nuukumm.com\/fr\/wp-json\/wp\/v2\/product\/15815\/revisions"}],"predecessor-version":[{"id":15821,"href":"https:\/\/nuukumm.com\/fr\/wp-json\/wp\/v2\/product\/15815\/revisions\/15821"}],"wp:featuredmedia":[{"embeddable":true,"href":"https:\/\/nuukumm.com\/fr\/wp-json\/wp\/v2\/media\/15791"}],"wp:attachment":[{"href":"https:\/\/nuukumm.com\/fr\/wp-json\/wp\/v2\/media?parent=15815"}],"wp:term":[{"taxonomy":"product_cat","embeddable":true,"href":"https:\/\/nuukumm.com\/fr\/wp-json\/wp\/v2\/product_cat?post=15815"},{"taxonomy":"product_tag","embeddable":true,"href":"https:\/\/nuukumm.com\/fr\/wp-json\/wp\/v2\/product_tag?post=15815"}],"curies":[{"name":"wp","href":"https:\/\/api.w.org\/{rel}","templated":true}]}}