{"id":15822,"date":"2023-08-28T15:59:39","date_gmt":"2023-08-28T15:59:39","guid":{"rendered":"https:\/\/nuukumm.com\/?post_type=product&#038;p=15822"},"modified":"2024-11-10T21:04:33","modified_gmt":"2024-11-10T21:04:33","slug":"rose","status":"publish","type":"product","link":"https:\/\/nuukumm.com\/fr\/produit\/rose\/","title":{"rendered":"Rose"},"content":{"rendered":"","protected":false},"excerpt":{"rendered":"<p>M\u00e9tal en forme de rose. boucles d&#039;oreilles et collier dor\u00e9s avec cha\u00eene dor\u00e9e. Fermeture \u00e0 pression et clip.<\/p>\n<p>Outer shell %100 zinc<\/p>","protected":false},"featured_media":15825,"comment_status":"open","ping_status":"closed","template":"","meta":[],"product_cat":[76],"product_tag":[],"class_list":["post-15822","product","type-product","status-publish","has-post-thumbnail","hentry","product_cat-jewelry"],"_links":{"self":[{"href":"https:\/\/nuukumm.com\/fr\/wp-json\/wp\/v2\/product\/15822","targetHints":{"allow":["GET"]}}],"collection":[{"href":"https:\/\/nuukumm.com\/fr\/wp-json\/wp\/v2\/product"}],"about":[{"href":"https:\/\/nuukumm.com\/fr\/wp-json\/wp\/v2\/types\/product"}],"replies":[{"embeddable":true,"href":"https:\/\/nuukumm.com\/fr\/wp-json\/wp\/v2\/comments?post=15822"}],"version-history":[{"count":2,"href":"https:\/\/nuukumm.com\/fr\/wp-json\/wp\/v2\/product\/15822\/revisions"}],"predecessor-version":[{"id":15827,"href":"https:\/\/nuukumm.com\/fr\/wp-json\/wp\/v2\/product\/15822\/revisions\/15827"}],"wp:featuredmedia":[{"embeddable":true,"href":"https:\/\/nuukumm.com\/fr\/wp-json\/wp\/v2\/media\/15825"}],"wp:attachment":[{"href":"https:\/\/nuukumm.com\/fr\/wp-json\/wp\/v2\/media?parent=15822"}],"wp:term":[{"taxonomy":"product_cat","embeddable":true,"href":"https:\/\/nuukumm.com\/fr\/wp-json\/wp\/v2\/product_cat?post=15822"},{"taxonomy":"product_tag","embeddable":true,"href":"https:\/\/nuukumm.com\/fr\/wp-json\/wp\/v2\/product_tag?post=15822"}],"curies":[{"name":"wp","href":"https:\/\/api.w.org\/{rel}","templated":true}]}}