{"id":15828,"date":"2023-08-28T16:03:40","date_gmt":"2023-08-28T16:03:40","guid":{"rendered":"https:\/\/nuukumm.com\/?post_type=product&#038;p=15828"},"modified":"2023-12-08T17:49:37","modified_gmt":"2023-12-08T17:49:37","slug":"heart","status":"publish","type":"product","link":"https:\/\/nuukumm.com\/fr\/produit\/heart\/","title":{"rendered":"C\u0153ur"},"content":{"rendered":"","protected":false},"excerpt":{"rendered":"<p>M\u00e9tal en forme de coeur. boucles d&#039;oreilles et collier dor\u00e9s avec cha\u00eene dor\u00e9e et d\u00e9tails en strass. Fermeture \u00e0 pression et clip.<\/p>\n<p>Outer shell %100 zinc<\/p>","protected":false},"featured_media":15833,"comment_status":"open","ping_status":"closed","template":"","meta":[],"product_cat":[76],"product_tag":[],"class_list":["post-15828","product","type-product","status-publish","has-post-thumbnail","hentry","product_cat-jewelry"],"_links":{"self":[{"href":"https:\/\/nuukumm.com\/fr\/wp-json\/wp\/v2\/product\/15828","targetHints":{"allow":["GET"]}}],"collection":[{"href":"https:\/\/nuukumm.com\/fr\/wp-json\/wp\/v2\/product"}],"about":[{"href":"https:\/\/nuukumm.com\/fr\/wp-json\/wp\/v2\/types\/product"}],"replies":[{"embeddable":true,"href":"https:\/\/nuukumm.com\/fr\/wp-json\/wp\/v2\/comments?post=15828"}],"version-history":[{"count":1,"href":"https:\/\/nuukumm.com\/fr\/wp-json\/wp\/v2\/product\/15828\/revisions"}],"predecessor-version":[{"id":15837,"href":"https:\/\/nuukumm.com\/fr\/wp-json\/wp\/v2\/product\/15828\/revisions\/15837"}],"wp:featuredmedia":[{"embeddable":true,"href":"https:\/\/nuukumm.com\/fr\/wp-json\/wp\/v2\/media\/15833"}],"wp:attachment":[{"href":"https:\/\/nuukumm.com\/fr\/wp-json\/wp\/v2\/media?parent=15828"}],"wp:term":[{"taxonomy":"product_cat","embeddable":true,"href":"https:\/\/nuukumm.com\/fr\/wp-json\/wp\/v2\/product_cat?post=15828"},{"taxonomy":"product_tag","embeddable":true,"href":"https:\/\/nuukumm.com\/fr\/wp-json\/wp\/v2\/product_tag?post=15828"}],"curies":[{"name":"wp","href":"https:\/\/api.w.org\/{rel}","templated":true}]}}