{"id":15935,"date":"2023-08-29T11:30:12","date_gmt":"2023-08-29T11:30:12","guid":{"rendered":"https:\/\/nuukumm.com\/?post_type=product&#038;p=15935"},"modified":"2024-01-16T19:28:39","modified_gmt":"2024-01-16T19:28:39","slug":"ivy","status":"publish","type":"product","link":"https:\/\/nuukumm.com\/fr\/produit\/ivy\/","title":{"rendered":"Lierre"},"content":{"rendered":"","protected":false},"excerpt":{"rendered":"<p>Ensemble de trois pi\u00e8ces en dentelle fran\u00e7aise qui est le m\u00e9lange parfait de d\u00e9licatesse et d&#039;\u00e9blouissement.<\/p>\n<p>%100 Polyamide<\/p>","protected":false},"featured_media":15961,"comment_status":"open","ping_status":"closed","template":"","meta":[],"product_cat":[74],"product_tag":[],"class_list":["post-15935","product","type-product","status-publish","has-post-thumbnail","hentry","product_cat-lingeries"],"_links":{"self":[{"href":"https:\/\/nuukumm.com\/fr\/wp-json\/wp\/v2\/product\/15935","targetHints":{"allow":["GET"]}}],"collection":[{"href":"https:\/\/nuukumm.com\/fr\/wp-json\/wp\/v2\/product"}],"about":[{"href":"https:\/\/nuukumm.com\/fr\/wp-json\/wp\/v2\/types\/product"}],"replies":[{"embeddable":true,"href":"https:\/\/nuukumm.com\/fr\/wp-json\/wp\/v2\/comments?post=15935"}],"version-history":[{"count":1,"href":"https:\/\/nuukumm.com\/fr\/wp-json\/wp\/v2\/product\/15935\/revisions"}],"predecessor-version":[{"id":15976,"href":"https:\/\/nuukumm.com\/fr\/wp-json\/wp\/v2\/product\/15935\/revisions\/15976"}],"wp:featuredmedia":[{"embeddable":true,"href":"https:\/\/nuukumm.com\/fr\/wp-json\/wp\/v2\/media\/15961"}],"wp:attachment":[{"href":"https:\/\/nuukumm.com\/fr\/wp-json\/wp\/v2\/media?parent=15935"}],"wp:term":[{"taxonomy":"product_cat","embeddable":true,"href":"https:\/\/nuukumm.com\/fr\/wp-json\/wp\/v2\/product_cat?post=15935"},{"taxonomy":"product_tag","embeddable":true,"href":"https:\/\/nuukumm.com\/fr\/wp-json\/wp\/v2\/product_tag?post=15935"}],"curies":[{"name":"wp","href":"https:\/\/api.w.org\/{rel}","templated":true}]}}