{"id":16247,"date":"2023-11-16T08:11:02","date_gmt":"2023-11-16T08:11:02","guid":{"rendered":"https:\/\/nuukumm.com\/?post_type=product&#038;p=16247"},"modified":"2023-11-28T23:02:42","modified_gmt":"2023-11-28T23:02:42","slug":"cutout-teddy","status":"publish","type":"product","link":"https:\/\/nuukumm.com\/fr\/produit\/cutout-teddy\/","title":{"rendered":"Teddy d\u00e9coup\u00e9"},"content":{"rendered":"","protected":false},"excerpt":{"rendered":"<p>Combinaison-teddy d\u00e9coup\u00e9e avec d\u00e9tails m\u00e9talliques en forme de rose.<\/p>\n<p>%100 Polyamide<\/p>","protected":false},"featured_media":16252,"comment_status":"open","ping_status":"closed","template":"","meta":[],"product_cat":[74],"product_tag":[],"class_list":["post-16247","product","type-product","status-publish","has-post-thumbnail","hentry","product_cat-lingeries"],"_links":{"self":[{"href":"https:\/\/nuukumm.com\/fr\/wp-json\/wp\/v2\/product\/16247","targetHints":{"allow":["GET"]}}],"collection":[{"href":"https:\/\/nuukumm.com\/fr\/wp-json\/wp\/v2\/product"}],"about":[{"href":"https:\/\/nuukumm.com\/fr\/wp-json\/wp\/v2\/types\/product"}],"replies":[{"embeddable":true,"href":"https:\/\/nuukumm.com\/fr\/wp-json\/wp\/v2\/comments?post=16247"}],"version-history":[{"count":1,"href":"https:\/\/nuukumm.com\/fr\/wp-json\/wp\/v2\/product\/16247\/revisions"}],"predecessor-version":[{"id":16254,"href":"https:\/\/nuukumm.com\/fr\/wp-json\/wp\/v2\/product\/16247\/revisions\/16254"}],"wp:featuredmedia":[{"embeddable":true,"href":"https:\/\/nuukumm.com\/fr\/wp-json\/wp\/v2\/media\/16252"}],"wp:attachment":[{"href":"https:\/\/nuukumm.com\/fr\/wp-json\/wp\/v2\/media?parent=16247"}],"wp:term":[{"taxonomy":"product_cat","embeddable":true,"href":"https:\/\/nuukumm.com\/fr\/wp-json\/wp\/v2\/product_cat?post=16247"},{"taxonomy":"product_tag","embeddable":true,"href":"https:\/\/nuukumm.com\/fr\/wp-json\/wp\/v2\/product_tag?post=16247"}],"curies":[{"name":"wp","href":"https:\/\/api.w.org\/{rel}","templated":true}]}}