{"id":16292,"date":"2023-11-16T13:33:16","date_gmt":"2023-11-16T13:33:16","guid":{"rendered":"https:\/\/nuukumm.com\/?post_type=product&#038;p=16292"},"modified":"2025-04-11T17:48:21","modified_gmt":"2025-04-11T17:48:21","slug":"taffeta-long-dress-2","status":"publish","type":"product","link":"https:\/\/nuukumm.com\/fr\/produit\/taffeta-long-dress-2\/","title":{"rendered":"Robe longue en taffetas"},"content":{"rendered":"","protected":false},"excerpt":{"rendered":"<p><span style=\"color: #000000; font-family: Helvetica Neue; font-size: small;\">Robe longue \u00e0 fines bretelles avec d\u00e9tails appliqu\u00e9s d&#039;accessoires roses en tissu taffetas satin\u00e9<\/span><\/p>\n<p>&nbsp;<\/p>\n<p><span style=\"color: #000000; font-family: Helvetica Neue; font-size: small;\">%100 POLYAMIDE<\/span><\/p>","protected":false},"featured_media":16301,"comment_status":"open","ping_status":"closed","template":"","meta":[],"product_cat":[71],"product_tag":[],"class_list":["post-16292","product","type-product","status-publish","has-post-thumbnail","hentry","product_cat-haute-couture"],"_links":{"self":[{"href":"https:\/\/nuukumm.com\/fr\/wp-json\/wp\/v2\/product\/16292","targetHints":{"allow":["GET"]}}],"collection":[{"href":"https:\/\/nuukumm.com\/fr\/wp-json\/wp\/v2\/product"}],"about":[{"href":"https:\/\/nuukumm.com\/fr\/wp-json\/wp\/v2\/types\/product"}],"replies":[{"embeddable":true,"href":"https:\/\/nuukumm.com\/fr\/wp-json\/wp\/v2\/comments?post=16292"}],"version-history":[{"count":2,"href":"https:\/\/nuukumm.com\/fr\/wp-json\/wp\/v2\/product\/16292\/revisions"}],"predecessor-version":[{"id":16298,"href":"https:\/\/nuukumm.com\/fr\/wp-json\/wp\/v2\/product\/16292\/revisions\/16298"}],"wp:featuredmedia":[{"embeddable":true,"href":"https:\/\/nuukumm.com\/fr\/wp-json\/wp\/v2\/media\/16301"}],"wp:attachment":[{"href":"https:\/\/nuukumm.com\/fr\/wp-json\/wp\/v2\/media?parent=16292"}],"wp:term":[{"taxonomy":"product_cat","embeddable":true,"href":"https:\/\/nuukumm.com\/fr\/wp-json\/wp\/v2\/product_cat?post=16292"},{"taxonomy":"product_tag","embeddable":true,"href":"https:\/\/nuukumm.com\/fr\/wp-json\/wp\/v2\/product_tag?post=16292"}],"curies":[{"name":"wp","href":"https:\/\/api.w.org\/{rel}","templated":true}]}}