{"id":16416,"date":"2023-11-22T10:50:56","date_gmt":"2023-11-22T10:50:56","guid":{"rendered":"https:\/\/nuukumm.com\/?post_type=product&#038;p=16416"},"modified":"2023-12-08T21:03:47","modified_gmt":"2023-12-08T21:03:47","slug":"cherie","status":"publish","type":"product","link":"https:\/\/nuukumm.com\/fr\/produit\/cherie\/","title":{"rendered":"Ch\u00e9rie"},"content":{"rendered":"","protected":false},"excerpt":{"rendered":"<p>Ensemble corset et string brod\u00e9s de fleurs avec des \u00e9l\u00e9ments de c\u0153ur.<\/p>\n<p>%100 Polyamide<\/p>","protected":false},"featured_media":16421,"comment_status":"open","ping_status":"closed","template":"","meta":[],"product_cat":[74],"product_tag":[],"class_list":["post-16416","product","type-product","status-publish","has-post-thumbnail","hentry","product_cat-lingeries"],"_links":{"self":[{"href":"https:\/\/nuukumm.com\/fr\/wp-json\/wp\/v2\/product\/16416","targetHints":{"allow":["GET"]}}],"collection":[{"href":"https:\/\/nuukumm.com\/fr\/wp-json\/wp\/v2\/product"}],"about":[{"href":"https:\/\/nuukumm.com\/fr\/wp-json\/wp\/v2\/types\/product"}],"replies":[{"embeddable":true,"href":"https:\/\/nuukumm.com\/fr\/wp-json\/wp\/v2\/comments?post=16416"}],"version-history":[{"count":1,"href":"https:\/\/nuukumm.com\/fr\/wp-json\/wp\/v2\/product\/16416\/revisions"}],"predecessor-version":[{"id":16422,"href":"https:\/\/nuukumm.com\/fr\/wp-json\/wp\/v2\/product\/16416\/revisions\/16422"}],"wp:featuredmedia":[{"embeddable":true,"href":"https:\/\/nuukumm.com\/fr\/wp-json\/wp\/v2\/media\/16421"}],"wp:attachment":[{"href":"https:\/\/nuukumm.com\/fr\/wp-json\/wp\/v2\/media?parent=16416"}],"wp:term":[{"taxonomy":"product_cat","embeddable":true,"href":"https:\/\/nuukumm.com\/fr\/wp-json\/wp\/v2\/product_cat?post=16416"},{"taxonomy":"product_tag","embeddable":true,"href":"https:\/\/nuukumm.com\/fr\/wp-json\/wp\/v2\/product_tag?post=16416"}],"curies":[{"name":"wp","href":"https:\/\/api.w.org\/{rel}","templated":true}]}}