{"id":16432,"date":"2024-01-16T11:35:57","date_gmt":"2024-01-16T11:35:57","guid":{"rendered":"https:\/\/nuukumm.com\/?post_type=product&#038;p=16432"},"modified":"2024-01-16T12:36:06","modified_gmt":"2024-01-16T12:36:06","slug":"christmas-red-floral-appliques-gown","status":"publish","type":"product","link":"https:\/\/nuukumm.com\/fr\/produit\/christmas-red-floral-appliques-gown\/","title":{"rendered":"Christmas Red Floral Appliq\u00faes Gown"},"content":{"rendered":"<p>Red Floral appliques gown dress with crossover back golden chain.<\/p>","protected":false},"excerpt":{"rendered":"<p><span style=\"color: #000000; font-family: Helvetica Neue; font-size: small;\">Robe longue \u00e0 fines bretelles avec d\u00e9tails appliqu\u00e9s d&#039;accessoires roses en tissu taffetas satin\u00e9<\/span><\/p>\n<p>&nbsp;<\/p>\n<p><span style=\"color: #000000; font-family: Helvetica Neue; font-size: small;\">%100 POLYAMIDE<\/span><\/p>","protected":false},"featured_media":16287,"comment_status":"open","ping_status":"closed","template":"","meta":[],"product_cat":[71],"product_tag":[],"class_list":["post-16432","product","type-product","status-publish","has-post-thumbnail","hentry","product_cat-haute-couture"],"_links":{"self":[{"href":"https:\/\/nuukumm.com\/fr\/wp-json\/wp\/v2\/product\/16432","targetHints":{"allow":["GET"]}}],"collection":[{"href":"https:\/\/nuukumm.com\/fr\/wp-json\/wp\/v2\/product"}],"about":[{"href":"https:\/\/nuukumm.com\/fr\/wp-json\/wp\/v2\/types\/product"}],"replies":[{"embeddable":true,"href":"https:\/\/nuukumm.com\/fr\/wp-json\/wp\/v2\/comments?post=16432"}],"version-history":[{"count":1,"href":"https:\/\/nuukumm.com\/fr\/wp-json\/wp\/v2\/product\/16432\/revisions"}],"predecessor-version":[{"id":16437,"href":"https:\/\/nuukumm.com\/fr\/wp-json\/wp\/v2\/product\/16432\/revisions\/16437"}],"wp:featuredmedia":[{"embeddable":true,"href":"https:\/\/nuukumm.com\/fr\/wp-json\/wp\/v2\/media\/16287"}],"wp:attachment":[{"href":"https:\/\/nuukumm.com\/fr\/wp-json\/wp\/v2\/media?parent=16432"}],"wp:term":[{"taxonomy":"product_cat","embeddable":true,"href":"https:\/\/nuukumm.com\/fr\/wp-json\/wp\/v2\/product_cat?post=16432"},{"taxonomy":"product_tag","embeddable":true,"href":"https:\/\/nuukumm.com\/fr\/wp-json\/wp\/v2\/product_tag?post=16432"}],"curies":[{"name":"wp","href":"https:\/\/api.w.org\/{rel}","templated":true}]}}