{"id":16462,"date":"2024-01-16T13:50:49","date_gmt":"2024-01-16T13:50:49","guid":{"rendered":"https:\/\/nuukumm.com\/?post_type=product&#038;p=16462"},"modified":"2024-02-11T14:08:57","modified_gmt":"2024-02-11T14:08:57","slug":"shining-tulle-dress","status":"publish","type":"product","link":"https:\/\/nuukumm.com\/fr\/produit\/shining-tulle-dress\/","title":{"rendered":"Shining Tulle Dress"},"content":{"rendered":"<p>Asymmetric long dress with shining special fabric<\/p>","protected":false},"excerpt":{"rendered":"<p><span style=\"color: #000000; font-family: Helvetica Neue; font-size: small;\">Robe longue \u00e0 fines bretelles avec d\u00e9tails appliqu\u00e9s d&#039;accessoires roses en tissu taffetas satin\u00e9<\/span><\/p>\n<p>&nbsp;<\/p>\n<p><span style=\"color: #000000; font-family: Helvetica Neue; font-size: small;\">%100 POLYAMIDE<\/span><\/p>","protected":false},"featured_media":16467,"comment_status":"open","ping_status":"closed","template":"","meta":[],"product_cat":[71],"product_tag":[],"class_list":["post-16462","product","type-product","status-publish","has-post-thumbnail","hentry","product_cat-haute-couture"],"_links":{"self":[{"href":"https:\/\/nuukumm.com\/fr\/wp-json\/wp\/v2\/product\/16462","targetHints":{"allow":["GET"]}}],"collection":[{"href":"https:\/\/nuukumm.com\/fr\/wp-json\/wp\/v2\/product"}],"about":[{"href":"https:\/\/nuukumm.com\/fr\/wp-json\/wp\/v2\/types\/product"}],"replies":[{"embeddable":true,"href":"https:\/\/nuukumm.com\/fr\/wp-json\/wp\/v2\/comments?post=16462"}],"version-history":[{"count":1,"href":"https:\/\/nuukumm.com\/fr\/wp-json\/wp\/v2\/product\/16462\/revisions"}],"predecessor-version":[{"id":16469,"href":"https:\/\/nuukumm.com\/fr\/wp-json\/wp\/v2\/product\/16462\/revisions\/16469"}],"wp:featuredmedia":[{"embeddable":true,"href":"https:\/\/nuukumm.com\/fr\/wp-json\/wp\/v2\/media\/16467"}],"wp:attachment":[{"href":"https:\/\/nuukumm.com\/fr\/wp-json\/wp\/v2\/media?parent=16462"}],"wp:term":[{"taxonomy":"product_cat","embeddable":true,"href":"https:\/\/nuukumm.com\/fr\/wp-json\/wp\/v2\/product_cat?post=16462"},{"taxonomy":"product_tag","embeddable":true,"href":"https:\/\/nuukumm.com\/fr\/wp-json\/wp\/v2\/product_tag?post=16462"}],"curies":[{"name":"wp","href":"https:\/\/api.w.org\/{rel}","templated":true}]}}