{"id":16470,"date":"2024-01-16T14:31:09","date_gmt":"2024-01-16T14:31:09","guid":{"rendered":"https:\/\/nuukumm.com\/?post_type=product&#038;p=16470"},"modified":"2024-02-11T14:06:54","modified_gmt":"2024-02-11T14:06:54","slug":"tulle-with-fur-dress","status":"publish","type":"product","link":"https:\/\/nuukumm.com\/fr\/produit\/tulle-with-fur-dress\/","title":{"rendered":"Claudia Dress &#8211; Tulle with Fur Gown"},"content":{"rendered":"<p>Semi Sheer long tulle dress with gathering in the front and fur details in the hem.<\/p>","protected":false},"excerpt":{"rendered":"<p><span style=\"color: #000000; font-family: Helvetica Neue; font-size: small;\">Robe longue \u00e0 fines bretelles avec d\u00e9tails appliqu\u00e9s d&#039;accessoires roses en tissu taffetas satin\u00e9<\/span><\/p>\n<p>&nbsp;<\/p>\n<p><span style=\"color: #000000; font-family: Helvetica Neue; font-size: small;\">%100 POLYAMIDE<\/span><\/p>","protected":false},"featured_media":16475,"comment_status":"open","ping_status":"closed","template":"","meta":[],"product_cat":[71],"product_tag":[],"class_list":["post-16470","product","type-product","status-publish","has-post-thumbnail","hentry","product_cat-haute-couture"],"_links":{"self":[{"href":"https:\/\/nuukumm.com\/fr\/wp-json\/wp\/v2\/product\/16470","targetHints":{"allow":["GET"]}}],"collection":[{"href":"https:\/\/nuukumm.com\/fr\/wp-json\/wp\/v2\/product"}],"about":[{"href":"https:\/\/nuukumm.com\/fr\/wp-json\/wp\/v2\/types\/product"}],"replies":[{"embeddable":true,"href":"https:\/\/nuukumm.com\/fr\/wp-json\/wp\/v2\/comments?post=16470"}],"version-history":[{"count":3,"href":"https:\/\/nuukumm.com\/fr\/wp-json\/wp\/v2\/product\/16470\/revisions"}],"predecessor-version":[{"id":16513,"href":"https:\/\/nuukumm.com\/fr\/wp-json\/wp\/v2\/product\/16470\/revisions\/16513"}],"wp:featuredmedia":[{"embeddable":true,"href":"https:\/\/nuukumm.com\/fr\/wp-json\/wp\/v2\/media\/16475"}],"wp:attachment":[{"href":"https:\/\/nuukumm.com\/fr\/wp-json\/wp\/v2\/media?parent=16470"}],"wp:term":[{"taxonomy":"product_cat","embeddable":true,"href":"https:\/\/nuukumm.com\/fr\/wp-json\/wp\/v2\/product_cat?post=16470"},{"taxonomy":"product_tag","embeddable":true,"href":"https:\/\/nuukumm.com\/fr\/wp-json\/wp\/v2\/product_tag?post=16470"}],"curies":[{"name":"wp","href":"https:\/\/api.w.org\/{rel}","templated":true}]}}