{"id":16498,"date":"2024-01-16T15:37:13","date_gmt":"2024-01-16T15:37:13","guid":{"rendered":"https:\/\/nuukumm.com\/?post_type=product&#038;p=16498"},"modified":"2024-05-26T19:09:34","modified_gmt":"2024-05-26T19:09:34","slug":"charlotte-dress-rhinestones-bustier-tulle-gown","status":"publish","type":"product","link":"https:\/\/nuukumm.com\/fr\/produit\/charlotte-dress-rhinestones-bustier-tulle-gown\/","title":{"rendered":"Charlotte Dress &#8211; Rhinestones Bustier Tulle Gown"},"content":{"rendered":"<p>Rhinestone appliques bustier long dress with tulle fabric in layers<\/p>","protected":false},"excerpt":{"rendered":"<p><span style=\"color: #000000; font-family: Helvetica Neue; font-size: small;\">Robe longue \u00e0 fines bretelles avec d\u00e9tails appliqu\u00e9s d&#039;accessoires roses en tissu taffetas satin\u00e9<\/span><\/p>\n<p>&nbsp;<\/p>\n<p><span style=\"color: #000000; font-family: Helvetica Neue; font-size: small;\">%100 POLYAMIDE<\/span><\/p>","protected":false},"featured_media":16503,"comment_status":"open","ping_status":"closed","template":"","meta":[],"product_cat":[71],"product_tag":[],"class_list":["post-16498","product","type-product","status-publish","has-post-thumbnail","hentry","product_cat-haute-couture"],"_links":{"self":[{"href":"https:\/\/nuukumm.com\/fr\/wp-json\/wp\/v2\/product\/16498","targetHints":{"allow":["GET"]}}],"collection":[{"href":"https:\/\/nuukumm.com\/fr\/wp-json\/wp\/v2\/product"}],"about":[{"href":"https:\/\/nuukumm.com\/fr\/wp-json\/wp\/v2\/types\/product"}],"replies":[{"embeddable":true,"href":"https:\/\/nuukumm.com\/fr\/wp-json\/wp\/v2\/comments?post=16498"}],"version-history":[{"count":1,"href":"https:\/\/nuukumm.com\/fr\/wp-json\/wp\/v2\/product\/16498\/revisions"}],"predecessor-version":[{"id":16512,"href":"https:\/\/nuukumm.com\/fr\/wp-json\/wp\/v2\/product\/16498\/revisions\/16512"}],"wp:featuredmedia":[{"embeddable":true,"href":"https:\/\/nuukumm.com\/fr\/wp-json\/wp\/v2\/media\/16503"}],"wp:attachment":[{"href":"https:\/\/nuukumm.com\/fr\/wp-json\/wp\/v2\/media?parent=16498"}],"wp:term":[{"taxonomy":"product_cat","embeddable":true,"href":"https:\/\/nuukumm.com\/fr\/wp-json\/wp\/v2\/product_cat?post=16498"},{"taxonomy":"product_tag","embeddable":true,"href":"https:\/\/nuukumm.com\/fr\/wp-json\/wp\/v2\/product_tag?post=16498"}],"curies":[{"name":"wp","href":"https:\/\/api.w.org\/{rel}","templated":true}]}}